{"id":399,"date":"2018-07-01T21:02:59","date_gmt":"2018-07-02T00:02:59","guid":{"rendered":"http:\/\/127.0.0.1\/loja\/?post_type=product&#038;p=399"},"modified":"2018-12-05T11:16:05","modified_gmt":"2018-12-05T13:16:05","slug":"exercicios-extras-de-apoio-em-ingles-2-com-respostas","status":"publish","type":"product","link":"http:\/\/marisolisidoro.com.br\/?product=exercicios-extras-de-apoio-em-ingles-2-com-respostas","title":{"rendered":"Exerc\u00edcios Extras de Apoio em Ingl\u00eas 2 &#8211; Com respostas"},"content":{"rendered":"","protected":false},"excerpt":{"rendered":"<p>A gram\u00e1tica explicada na s\u00e9rie \u201cExerc\u00edcios Extras de Apoio em Ingl\u00eas,volumes 1, 2, 3\u201d utiliza, como refer\u00eancia, a GRAM\u00c1TICA COMPARATIVA 100% ingl\u00eas e 100% portugu\u00eas, da mesma autora, com explica\u00e7\u00f5es ainda melhoradas.<\/p>\n<p>Estas explica\u00e7\u00f5es n\u00e3o s\u00e3o c\u00f3pias de nenhuma outra gram\u00e1tica. S\u00e3o adaptadas \u00e0 forma do brasileiro pensar e focam nas diferen\u00e7as gramaticais entre os dois idiomas. Desta forma, h\u00e1 um comparativo, dentro do que \u00e9 necess\u00e1rio, entre as diferen\u00e7as da l\u00edngua portuguesa e da l\u00edngua inglesa. Com certeza, ao escrever este material, houve momentos.<\/p>\n<table border=\"0\">\n<tbody>\n<tr>\n<td><a href=\"\/loja\/exercicios-extras-de-apoio-em-ingles-2\/\"> <button class=\"single_add_to_cart_button button alt\" type=\"button\">Sem Respostas<\/button> <\/a><\/td>\n<td><\/td>\n<td>[3d-flip-book mode=\"thumbnail-lightbox\" urlparam=\"fb3d-page\" id=\"683\" title=\"false\" lightbox=\"dark\"]<strong>Amostra do livro<\/strong><\/td>\n<\/tr>\n<\/tbody>\n<\/table>\n","protected":false},"featured_media":410,"comment_status":"open","ping_status":"closed","template":"","meta":[],"product_cat":[20],"product_tag":[],"yoast_head":"<!-- This site is optimized with the Yoast SEO plugin v21.3 - https:\/\/yoast.com\/wordpress\/plugins\/seo\/ -->\n<title>Exerc\u00edcios Extras de Apoio em Ingl\u00eas 2 - Com respostas - Marisol Isidoro<\/title>\n<meta name=\"robots\" content=\"index, follow, max-snippet:-1, max-image-preview:large, max-video-preview:-1\" \/>\n<link rel=\"canonical\" href=\"http:\/\/marisolisidoro.com.br\/?product=exercicios-extras-de-apoio-em-ingles-2-com-respostas\" \/>\n<meta property=\"og:locale\" content=\"pt_BR\" \/>\n<meta property=\"og:type\" content=\"article\" \/>\n<meta property=\"og:title\" content=\"Exerc\u00edcios Extras de Apoio em Ingl\u00eas 2 - Com respostas - Marisol Isidoro\" \/>\n<meta property=\"og:description\" content=\"A gram\u00e1tica explicada na s\u00e9rie \u201cExerc\u00edcios Extras de Apoio em Ingl\u00eas,volumes 1, 2, 3\u201d utiliza, como refer\u00eancia, a GRAM\u00c1TICA COMPARATIVA 100% ingl\u00eas e 100% portugu\u00eas, da mesma autora, com explica\u00e7\u00f5es ainda melhoradas.  Estas explica\u00e7\u00f5es n\u00e3o s\u00e3o c\u00f3pias de nenhuma outra gram\u00e1tica. S\u00e3o adaptadas \u00e0 forma do brasileiro pensar e focam nas diferen\u00e7as gramaticais entre os dois idiomas. Desta forma, h\u00e1 um comparativo, dentro do que \u00e9 necess\u00e1rio, entre as diferen\u00e7as da l\u00edngua portuguesa e da l\u00edngua inglesa. Com certeza, ao escrever este material, houve momentos.     Sem Respostas   Amostra do livro\" \/>\n<meta property=\"og:url\" content=\"http:\/\/marisolisidoro.com.br\/?product=exercicios-extras-de-apoio-em-ingles-2-com-respostas\" \/>\n<meta property=\"og:site_name\" content=\"Marisol Isidoro\" \/>\n<meta property=\"article:publisher\" content=\"https:\/\/www.facebook.com\/marisol.isidoro\/\" \/>\n<meta property=\"article:modified_time\" content=\"2018-12-05T13:16:05+00:00\" \/>\n<meta property=\"og:image\" content=\"http:\/\/marisolisidoro.com.br\/wp-content\/uploads\/2018\/07\/extra2.png\" \/>\n\t<meta property=\"og:image:width\" content=\"1211\" \/>\n\t<meta property=\"og:image:height\" content=\"1624\" \/>\n\t<meta property=\"og:image:type\" content=\"image\/png\" \/>\n<meta name=\"twitter:card\" content=\"summary_large_image\" \/>\n<script type=\"application\/ld+json\" class=\"yoast-schema-graph\">{\"@context\":\"https:\/\/schema.org\",\"@graph\":[{\"@type\":\"WebPage\",\"@id\":\"http:\/\/marisolisidoro.com.br\/?product=exercicios-extras-de-apoio-em-ingles-2-com-respostas\",\"url\":\"http:\/\/marisolisidoro.com.br\/?product=exercicios-extras-de-apoio-em-ingles-2-com-respostas\",\"name\":\"Exerc\u00edcios Extras de Apoio em Ingl\u00eas 2 - Com respostas - Marisol Isidoro\",\"isPartOf\":{\"@id\":\"https:\/\/marisolisidoro.com.br\/#website\"},\"datePublished\":\"2018-07-02T00:02:59+00:00\",\"dateModified\":\"2018-12-05T13:16:05+00:00\",\"breadcrumb\":{\"@id\":\"http:\/\/marisolisidoro.com.br\/?product=exercicios-extras-de-apoio-em-ingles-2-com-respostas#breadcrumb\"},\"inLanguage\":\"pt-BR\",\"potentialAction\":[{\"@type\":\"ReadAction\",\"target\":[\"http:\/\/marisolisidoro.com.br\/?product=exercicios-extras-de-apoio-em-ingles-2-com-respostas\"]}]},{\"@type\":\"BreadcrumbList\",\"@id\":\"http:\/\/marisolisidoro.com.br\/?product=exercicios-extras-de-apoio-em-ingles-2-com-respostas#breadcrumb\",\"itemListElement\":[{\"@type\":\"ListItem\",\"position\":1,\"name\":\"In\u00edcio\",\"item\":\"https:\/\/marisolisidoro.com.br\/\"},{\"@type\":\"ListItem\",\"position\":2,\"name\":\"Loja\",\"item\":\"https:\/\/marisolisidoro.com.br\/?page_id=4\"},{\"@type\":\"ListItem\",\"position\":3,\"name\":\"Exerc\u00edcios Extras de Apoio em Ingl\u00eas 2 &#8211; Com respostas\"}]},{\"@type\":\"WebSite\",\"@id\":\"https:\/\/marisolisidoro.com.br\/#website\",\"url\":\"https:\/\/marisolisidoro.com.br\/\",\"name\":\"Marisol Isidoro\",\"description\":\"Ingl\u00eas com logica\",\"potentialAction\":[{\"@type\":\"SearchAction\",\"target\":{\"@type\":\"EntryPoint\",\"urlTemplate\":\"https:\/\/marisolisidoro.com.br\/?s={search_term_string}\"},\"query-input\":\"required name=search_term_string\"}],\"inLanguage\":\"pt-BR\"}]}<\/script>\n<!-- \/ Yoast SEO plugin. -->","yoast_head_json":{"title":"Exerc\u00edcios Extras de Apoio em Ingl\u00eas 2 - Com respostas - Marisol Isidoro","robots":{"index":"index","follow":"follow","max-snippet":"max-snippet:-1","max-image-preview":"max-image-preview:large","max-video-preview":"max-video-preview:-1"},"canonical":"http:\/\/marisolisidoro.com.br\/?product=exercicios-extras-de-apoio-em-ingles-2-com-respostas","og_locale":"pt_BR","og_type":"article","og_title":"Exerc\u00edcios Extras de Apoio em Ingl\u00eas 2 - Com respostas - Marisol Isidoro","og_description":"A gram\u00e1tica explicada na s\u00e9rie \u201cExerc\u00edcios Extras de Apoio em Ingl\u00eas,volumes 1, 2, 3\u201d utiliza, como refer\u00eancia, a GRAM\u00c1TICA COMPARATIVA 100% ingl\u00eas e 100% portugu\u00eas, da mesma autora, com explica\u00e7\u00f5es ainda melhoradas.  Estas explica\u00e7\u00f5es n\u00e3o s\u00e3o c\u00f3pias de nenhuma outra gram\u00e1tica. S\u00e3o adaptadas \u00e0 forma do brasileiro pensar e focam nas diferen\u00e7as gramaticais entre os dois idiomas. Desta forma, h\u00e1 um comparativo, dentro do que \u00e9 necess\u00e1rio, entre as diferen\u00e7as da l\u00edngua portuguesa e da l\u00edngua inglesa. Com certeza, ao escrever este material, houve momentos.     Sem Respostas   Amostra do livro","og_url":"http:\/\/marisolisidoro.com.br\/?product=exercicios-extras-de-apoio-em-ingles-2-com-respostas","og_site_name":"Marisol Isidoro","article_publisher":"https:\/\/www.facebook.com\/marisol.isidoro\/","article_modified_time":"2018-12-05T13:16:05+00:00","og_image":[{"width":1211,"height":1624,"url":"http:\/\/marisolisidoro.com.br\/wp-content\/uploads\/2018\/07\/extra2.png","type":"image\/png"}],"twitter_card":"summary_large_image","schema":{"@context":"https:\/\/schema.org","@graph":[{"@type":"WebPage","@id":"http:\/\/marisolisidoro.com.br\/?product=exercicios-extras-de-apoio-em-ingles-2-com-respostas","url":"http:\/\/marisolisidoro.com.br\/?product=exercicios-extras-de-apoio-em-ingles-2-com-respostas","name":"Exerc\u00edcios Extras de Apoio em Ingl\u00eas 2 - Com respostas - Marisol Isidoro","isPartOf":{"@id":"https:\/\/marisolisidoro.com.br\/#website"},"datePublished":"2018-07-02T00:02:59+00:00","dateModified":"2018-12-05T13:16:05+00:00","breadcrumb":{"@id":"http:\/\/marisolisidoro.com.br\/?product=exercicios-extras-de-apoio-em-ingles-2-com-respostas#breadcrumb"},"inLanguage":"pt-BR","potentialAction":[{"@type":"ReadAction","target":["http:\/\/marisolisidoro.com.br\/?product=exercicios-extras-de-apoio-em-ingles-2-com-respostas"]}]},{"@type":"BreadcrumbList","@id":"http:\/\/marisolisidoro.com.br\/?product=exercicios-extras-de-apoio-em-ingles-2-com-respostas#breadcrumb","itemListElement":[{"@type":"ListItem","position":1,"name":"In\u00edcio","item":"https:\/\/marisolisidoro.com.br\/"},{"@type":"ListItem","position":2,"name":"Loja","item":"https:\/\/marisolisidoro.com.br\/?page_id=4"},{"@type":"ListItem","position":3,"name":"Exerc\u00edcios Extras de Apoio em Ingl\u00eas 2 &#8211; Com respostas"}]},{"@type":"WebSite","@id":"https:\/\/marisolisidoro.com.br\/#website","url":"https:\/\/marisolisidoro.com.br\/","name":"Marisol Isidoro","description":"Ingl\u00eas com logica","potentialAction":[{"@type":"SearchAction","target":{"@type":"EntryPoint","urlTemplate":"https:\/\/marisolisidoro.com.br\/?s={search_term_string}"},"query-input":"required name=search_term_string"}],"inLanguage":"pt-BR"}]}},"_links":{"self":[{"href":"http:\/\/marisolisidoro.com.br\/index.php?rest_route=\/wp\/v2\/product\/399"}],"collection":[{"href":"http:\/\/marisolisidoro.com.br\/index.php?rest_route=\/wp\/v2\/product"}],"about":[{"href":"http:\/\/marisolisidoro.com.br\/index.php?rest_route=\/wp\/v2\/types\/product"}],"replies":[{"embeddable":true,"href":"http:\/\/marisolisidoro.com.br\/index.php?rest_route=%2Fwp%2Fv2%2Fcomments&post=399"}],"wp:featuredmedia":[{"embeddable":true,"href":"http:\/\/marisolisidoro.com.br\/index.php?rest_route=\/wp\/v2\/media\/410"}],"wp:attachment":[{"href":"http:\/\/marisolisidoro.com.br\/index.php?rest_route=%2Fwp%2Fv2%2Fmedia&parent=399"}],"wp:term":[{"taxonomy":"product_cat","embeddable":true,"href":"http:\/\/marisolisidoro.com.br\/index.php?rest_route=%2Fwp%2Fv2%2Fproduct_cat&post=399"},{"taxonomy":"product_tag","embeddable":true,"href":"http:\/\/marisolisidoro.com.br\/index.php?rest_route=%2Fwp%2Fv2%2Fproduct_tag&post=399"}],"curies":[{"name":"wp","href":"https:\/\/api.w.org\/{rel}","templated":true}]}}