{"id":448,"date":"2018-10-04T16:11:51","date_gmt":"2018-10-04T19:11:51","guid":{"rendered":"http:\/\/127.0.0.1\/loja\/?post_type=product&#038;p=448"},"modified":"2018-12-05T11:14:38","modified_gmt":"2018-12-05T13:14:38","slug":"midia-historias-basicas","status":"publish","type":"product","link":"http:\/\/marisolisidoro.com.br\/?product=midia-historias-basicas","title":{"rendered":"M\u00eddia Historias B\u00e1sicas"},"content":{"rendered":"<p>M\u00eddia Historias B\u00e1sicas &#8212; Descri\u00e7\u00e3o<\/p>\n","protected":false},"excerpt":{"rendered":"<p>Faixas do CD<br \/>\nMy Classroom Friends<br \/>\nWhich Job to Choose?<br \/>\nInteresting People<br \/>\nMy School<br \/>\nMy Hobby<br \/>\nAn Interesting People<br \/>\nTime<br \/>\nThe House of My Dreams<br \/>\nRelax!<br \/>\nLet\u00b4s Go Out!<br \/>\nMy Family\u00b4s Daily routine<br \/>\nWhich Form of Transportation to Choose?<br \/>\nCan You Do What I Can Do?<br \/>\nMy Neighborhood<br \/>\nMy Family on Vacation<br \/>\nWhen We Were Children<br \/>\nGoing to The Supermarket<br \/>\nMy Favorite People<br \/>\nDo Looks Count?<br \/>\nAn Interesting Vacation<\/p>\n","protected":false},"featured_media":390,"comment_status":"open","ping_status":"closed","template":"","meta":[],"product_cat":[15],"product_tag":[],"yoast_head":"<!-- This site is optimized with the Yoast SEO plugin v21.3 - https:\/\/yoast.com\/wordpress\/plugins\/seo\/ -->\n<title>M\u00eddia Historias B\u00e1sicas - Marisol Isidoro<\/title>\n<meta name=\"robots\" content=\"index, follow, max-snippet:-1, max-image-preview:large, max-video-preview:-1\" \/>\n<link rel=\"canonical\" href=\"http:\/\/marisolisidoro.com.br\/?product=midia-historias-basicas\" \/>\n<meta property=\"og:locale\" content=\"pt_BR\" \/>\n<meta property=\"og:type\" content=\"article\" \/>\n<meta property=\"og:title\" content=\"M\u00eddia Historias B\u00e1sicas - Marisol Isidoro\" \/>\n<meta property=\"og:description\" content=\"Faixas do CD My Classroom Friends Which Job to Choose? Interesting People My School My Hobby An Interesting People Time The House of My Dreams Relax! Let\u00b4s Go Out! My Family\u00b4s Daily routine Which Form of Transportation to Choose? Can You Do What I Can Do? My Neighborhood My Family on Vacation When We Were Children Going to The Supermarket My Favorite People Do Looks Count? An Interesting Vacation\" \/>\n<meta property=\"og:url\" content=\"http:\/\/marisolisidoro.com.br\/?product=midia-historias-basicas\" \/>\n<meta property=\"og:site_name\" content=\"Marisol Isidoro\" \/>\n<meta property=\"article:publisher\" content=\"https:\/\/www.facebook.com\/marisol.isidoro\/\" \/>\n<meta property=\"article:modified_time\" content=\"2018-12-05T13:14:38+00:00\" \/>\n<meta property=\"og:image\" content=\"http:\/\/marisolisidoro.com.br\/wp-content\/uploads\/2018\/06\/cd-01-BASIC-STORIES-isbn.png\" \/>\n\t<meta property=\"og:image:width\" content=\"768\" \/>\n\t<meta property=\"og:image:height\" content=\"1024\" \/>\n\t<meta property=\"og:image:type\" content=\"image\/png\" \/>\n<meta name=\"twitter:card\" content=\"summary_large_image\" \/>\n<script type=\"application\/ld+json\" class=\"yoast-schema-graph\">{\"@context\":\"https:\/\/schema.org\",\"@graph\":[{\"@type\":\"WebPage\",\"@id\":\"http:\/\/marisolisidoro.com.br\/?product=midia-historias-basicas\",\"url\":\"http:\/\/marisolisidoro.com.br\/?product=midia-historias-basicas\",\"name\":\"M\u00eddia Historias B\u00e1sicas - Marisol Isidoro\",\"isPartOf\":{\"@id\":\"https:\/\/marisolisidoro.com.br\/#website\"},\"datePublished\":\"2018-10-04T19:11:51+00:00\",\"dateModified\":\"2018-12-05T13:14:38+00:00\",\"breadcrumb\":{\"@id\":\"http:\/\/marisolisidoro.com.br\/?product=midia-historias-basicas#breadcrumb\"},\"inLanguage\":\"pt-BR\",\"potentialAction\":[{\"@type\":\"ReadAction\",\"target\":[\"http:\/\/marisolisidoro.com.br\/?product=midia-historias-basicas\"]}]},{\"@type\":\"BreadcrumbList\",\"@id\":\"http:\/\/marisolisidoro.com.br\/?product=midia-historias-basicas#breadcrumb\",\"itemListElement\":[{\"@type\":\"ListItem\",\"position\":1,\"name\":\"In\u00edcio\",\"item\":\"https:\/\/marisolisidoro.com.br\/\"},{\"@type\":\"ListItem\",\"position\":2,\"name\":\"Loja\",\"item\":\"https:\/\/marisolisidoro.com.br\/?page_id=4\"},{\"@type\":\"ListItem\",\"position\":3,\"name\":\"M\u00eddia Historias B\u00e1sicas\"}]},{\"@type\":\"WebSite\",\"@id\":\"https:\/\/marisolisidoro.com.br\/#website\",\"url\":\"https:\/\/marisolisidoro.com.br\/\",\"name\":\"Marisol Isidoro\",\"description\":\"Ingl\u00eas com logica\",\"potentialAction\":[{\"@type\":\"SearchAction\",\"target\":{\"@type\":\"EntryPoint\",\"urlTemplate\":\"https:\/\/marisolisidoro.com.br\/?s={search_term_string}\"},\"query-input\":\"required name=search_term_string\"}],\"inLanguage\":\"pt-BR\"}]}<\/script>\n<!-- \/ Yoast SEO plugin. -->","yoast_head_json":{"title":"M\u00eddia Historias B\u00e1sicas - Marisol Isidoro","robots":{"index":"index","follow":"follow","max-snippet":"max-snippet:-1","max-image-preview":"max-image-preview:large","max-video-preview":"max-video-preview:-1"},"canonical":"http:\/\/marisolisidoro.com.br\/?product=midia-historias-basicas","og_locale":"pt_BR","og_type":"article","og_title":"M\u00eddia Historias B\u00e1sicas - Marisol Isidoro","og_description":"Faixas do CD My Classroom Friends Which Job to Choose? Interesting People My School My Hobby An Interesting People Time The House of My Dreams Relax! Let\u00b4s Go Out! My Family\u00b4s Daily routine Which Form of Transportation to Choose? Can You Do What I Can Do? My Neighborhood My Family on Vacation When We Were Children Going to The Supermarket My Favorite People Do Looks Count? An Interesting Vacation","og_url":"http:\/\/marisolisidoro.com.br\/?product=midia-historias-basicas","og_site_name":"Marisol Isidoro","article_publisher":"https:\/\/www.facebook.com\/marisol.isidoro\/","article_modified_time":"2018-12-05T13:14:38+00:00","og_image":[{"width":768,"height":1024,"url":"http:\/\/marisolisidoro.com.br\/wp-content\/uploads\/2018\/06\/cd-01-BASIC-STORIES-isbn.png","type":"image\/png"}],"twitter_card":"summary_large_image","schema":{"@context":"https:\/\/schema.org","@graph":[{"@type":"WebPage","@id":"http:\/\/marisolisidoro.com.br\/?product=midia-historias-basicas","url":"http:\/\/marisolisidoro.com.br\/?product=midia-historias-basicas","name":"M\u00eddia Historias B\u00e1sicas - Marisol Isidoro","isPartOf":{"@id":"https:\/\/marisolisidoro.com.br\/#website"},"datePublished":"2018-10-04T19:11:51+00:00","dateModified":"2018-12-05T13:14:38+00:00","breadcrumb":{"@id":"http:\/\/marisolisidoro.com.br\/?product=midia-historias-basicas#breadcrumb"},"inLanguage":"pt-BR","potentialAction":[{"@type":"ReadAction","target":["http:\/\/marisolisidoro.com.br\/?product=midia-historias-basicas"]}]},{"@type":"BreadcrumbList","@id":"http:\/\/marisolisidoro.com.br\/?product=midia-historias-basicas#breadcrumb","itemListElement":[{"@type":"ListItem","position":1,"name":"In\u00edcio","item":"https:\/\/marisolisidoro.com.br\/"},{"@type":"ListItem","position":2,"name":"Loja","item":"https:\/\/marisolisidoro.com.br\/?page_id=4"},{"@type":"ListItem","position":3,"name":"M\u00eddia Historias B\u00e1sicas"}]},{"@type":"WebSite","@id":"https:\/\/marisolisidoro.com.br\/#website","url":"https:\/\/marisolisidoro.com.br\/","name":"Marisol Isidoro","description":"Ingl\u00eas com logica","potentialAction":[{"@type":"SearchAction","target":{"@type":"EntryPoint","urlTemplate":"https:\/\/marisolisidoro.com.br\/?s={search_term_string}"},"query-input":"required name=search_term_string"}],"inLanguage":"pt-BR"}]}},"_links":{"self":[{"href":"http:\/\/marisolisidoro.com.br\/index.php?rest_route=\/wp\/v2\/product\/448"}],"collection":[{"href":"http:\/\/marisolisidoro.com.br\/index.php?rest_route=\/wp\/v2\/product"}],"about":[{"href":"http:\/\/marisolisidoro.com.br\/index.php?rest_route=\/wp\/v2\/types\/product"}],"replies":[{"embeddable":true,"href":"http:\/\/marisolisidoro.com.br\/index.php?rest_route=%2Fwp%2Fv2%2Fcomments&post=448"}],"wp:featuredmedia":[{"embeddable":true,"href":"http:\/\/marisolisidoro.com.br\/index.php?rest_route=\/wp\/v2\/media\/390"}],"wp:attachment":[{"href":"http:\/\/marisolisidoro.com.br\/index.php?rest_route=%2Fwp%2Fv2%2Fmedia&parent=448"}],"wp:term":[{"taxonomy":"product_cat","embeddable":true,"href":"http:\/\/marisolisidoro.com.br\/index.php?rest_route=%2Fwp%2Fv2%2Fproduct_cat&post=448"},{"taxonomy":"product_tag","embeddable":true,"href":"http:\/\/marisolisidoro.com.br\/index.php?rest_route=%2Fwp%2Fv2%2Fproduct_tag&post=448"}],"curies":[{"name":"wp","href":"https:\/\/api.w.org\/{rel}","templated":true}]}}