{"id":38,"date":"2018-03-21T13:40:00","date_gmt":"2018-03-21T16:40:00","guid":{"rendered":"http:\/\/127.0.0.1\/loja\/?p=38"},"modified":"2024-12-25T17:03:52","modified_gmt":"2024-12-25T20:03:52","slug":"livros","status":"publish","type":"product","link":"https:\/\/marisolisidoro.com.br\/?product=livros","title":{"rendered":"Gram\u00e1tica Comparativa"},"content":{"rendered":"<h3>Objetivo deste livro<\/h3>\n<p>Este livro foi feito<img fetchpriority=\"high\" decoding=\"async\" class=\" size-medium wp-image-951 alignright\" src=\"http:\/\/marisolisidoro.com.br\/wp-content\/uploads\/2014\/07\/CAPA-229x300.png\" alt=\"CAPA\" width=\"229\" height=\"300\" \/>\u00a0para facilitar o estudo gramatical da l\u00edngua inglesa, para ensinar o aluno a pensar em possibilidades, ramifica\u00e7\u00f5es e equival\u00eancia entre os idiomas em estudo e para ganhar tempo n\u00e3o procurando palavras em dicion\u00e1rios. Foi escrito de forma clara e objetiva para que o estudante tenha discernimento do que est\u00e1 sendo explicado. Al\u00e9m da clareza e objetividade, este livro baseia-se em ensino comparativo e equivalente entre as duas l\u00ednguas. Este material mostra que tudo o que existe no portugu\u00eas tamb\u00e9m existe no ingl\u00eas. Ganha-se tempo n\u00e3o precisando racionalizar uma explica\u00e7\u00e3o te\u00f3rica que j\u00e1 existe na mente do aluno devido ao conhecimento de sua pr\u00f3pria l\u00edngua.<\/p>\n<h3>N\u00edvel de ensino<\/h3>\n<p>Foram feitos v\u00e1rios usos experimentais. A abrang\u00eancia da utilidade deste livro \u00e9 vasta: Do adolescente ao adulto e do b\u00e1sico ao avan\u00e7ado. Serve como um livro de refer\u00eancia e pesquisa, e de prepara\u00e7\u00e3o gramatical para qualquer exame de ingl\u00eas internacional. A informa\u00e7\u00e3o fornecida abrange t\u00f3picos dos mais b\u00e1sicos aos mais avan\u00e7ados.<\/p>\n<h3>Planejamento<\/h3>\n<p>A organiza\u00e7\u00e3o deste material baseia-se em n\u00edvel de aprendizado e dificuldade. Todos os pontos explicados possuem equival\u00eancia e poss\u00edveis ramifica\u00e7\u00f5es em ambos os idiomas. Os \u00edndices foram organizados de duas formas: \u201c\u00cdndice em portugu\u00eas\u201d, em n\u00edvel de aprendizado e dificuldade, e \u201c\u00edndice em ingl\u00eas\u201d, em ordem alfab\u00e9tica por assunto e t\u00f3picos.<\/p>\n<h3>Tipos de ingl\u00eas usado<\/h3>\n<p>Os exemplos usados s\u00e3o comuns tanto no ingl\u00eas brit\u00e2nico quanto no americano. Um dos objetivos deste material \u00e9 esclarecer o aluno das diferen\u00e7as entre os dois.<\/p>\n<h3>Como usar este material<\/h3>\n<p>Este material n\u00e3o \u00e9 voltado para conversa\u00e7\u00e3o. Pode ser usado paralelamente a um curso, independente do n\u00edvel do aluno. \u00c9 \u00f3timo para esclarecer d\u00favidas de palavras e express\u00f5es que se confundem com o portugu\u00eas e entre si, principalmente as diferen\u00e7as entre o ingl\u00eas brit\u00e2nico e o americano. A refer\u00eancia gramatical do b\u00e1sico ao avan\u00e7ado \u00e9 completa.<\/p>\n","protected":false},"excerpt":{"rendered":"<p>Este livro foi feito\u00a0para facilitar o estudo gramatical da l\u00edngua inglesa, para ensinar o aluno a pensar em possibilidades, ramifica\u00e7\u00f5es e equival\u00eancia entre os idiomas em estudo e para ganhar tempo n\u00e3o procurando palavras em dicion\u00e1rios.<br \/>\n[3d-flip-book mode=\"thumbnail-lightbox\" urlparam=\"fb3d-page\" id=\"687\" title=\"false\" lightbox=\"dark\"]<br \/>\n<strong>Amostra do livro<\/strong><\/p>\n","protected":false},"featured_media":148,"comment_status":"open","ping_status":"closed","template":"","meta":[],"product_brand":[],"product_cat":[16],"product_tag":[],"class_list":{"0":"post-38","1":"product","2":"type-product","3":"status-publish","4":"has-post-thumbnail","6":"product_cat-livros-e-ebooks","8":"first","9":"instock","10":"taxable","11":"shipping-taxable","12":"purchasable","13":"product-type-simple"},"yoast_head":"<!-- This site is optimized with the Yoast SEO plugin v27.5 - https:\/\/yoast.com\/product\/yoast-seo-wordpress\/ -->\n<title>Gram\u00e1tica Comparativa - Marisol Isidoro<\/title>\n<meta name=\"robots\" content=\"index, follow, max-snippet:-1, max-image-preview:large, max-video-preview:-1\" \/>\n<link rel=\"canonical\" href=\"https:\/\/marisolisidoro.com.br\/?product=livros\" \/>\n<meta property=\"og:locale\" content=\"pt_BR\" \/>\n<meta property=\"og:type\" content=\"article\" \/>\n<meta property=\"og:title\" content=\"Gram\u00e1tica Comparativa - Marisol Isidoro\" \/>\n<meta property=\"og:description\" content=\"Este livro foi feito\u00a0para facilitar o estudo gramatical da l\u00edngua inglesa, para ensinar o aluno a pensar em possibilidades, ramifica\u00e7\u00f5es e equival\u00eancia entre os idiomas em estudo e para ganhar tempo n\u00e3o procurando palavras em dicion\u00e1rios.  Amostra do livro\" \/>\n<meta property=\"og:url\" content=\"https:\/\/marisolisidoro.com.br\/?product=livros\" \/>\n<meta property=\"og:site_name\" content=\"Marisol Isidoro\" \/>\n<meta property=\"article:publisher\" content=\"https:\/\/www.facebook.com\/marisol.isidoro\/\" \/>\n<meta property=\"article:modified_time\" content=\"2024-12-25T20:03:52+00:00\" \/>\n<meta property=\"og:image\" content=\"https:\/\/marisolisidoro.com.br\/wp-content\/uploads\/2018\/03\/CAPA-229x300.png\" \/>\n\t<meta property=\"og:image:width\" content=\"229\" \/>\n\t<meta property=\"og:image:height\" content=\"300\" \/>\n\t<meta property=\"og:image:type\" content=\"image\/png\" \/>\n<meta name=\"twitter:card\" content=\"summary_large_image\" \/>\n<meta name=\"twitter:label1\" content=\"Est. tempo de leitura\" \/>\n\t<meta name=\"twitter:data1\" content=\"2 minutos\" \/>\n<script type=\"application\/ld+json\" class=\"yoast-schema-graph\">{\"@context\":\"https:\\\/\\\/schema.org\",\"@graph\":[{\"@type\":\"WebPage\",\"@id\":\"https:\\\/\\\/marisolisidoro.com.br\\\/?product=livros\",\"url\":\"https:\\\/\\\/marisolisidoro.com.br\\\/?product=livros\",\"name\":\"Gram\u00e1tica Comparativa - Marisol Isidoro\",\"isPartOf\":{\"@id\":\"http:\\\/\\\/marisolisidoro.com.br\\\/#website\"},\"primaryImageOfPage\":{\"@id\":\"https:\\\/\\\/marisolisidoro.com.br\\\/?product=livros#primaryimage\"},\"image\":{\"@id\":\"https:\\\/\\\/marisolisidoro.com.br\\\/?product=livros#primaryimage\"},\"thumbnailUrl\":\"https:\\\/\\\/marisolisidoro.com.br\\\/wp-content\\\/uploads\\\/2018\\\/03\\\/CAPA-229x300.png\",\"datePublished\":\"2018-03-21T16:40:00+00:00\",\"dateModified\":\"2024-12-25T20:03:52+00:00\",\"breadcrumb\":{\"@id\":\"https:\\\/\\\/marisolisidoro.com.br\\\/?product=livros#breadcrumb\"},\"inLanguage\":\"pt-BR\",\"potentialAction\":[{\"@type\":\"ReadAction\",\"target\":[\"https:\\\/\\\/marisolisidoro.com.br\\\/?product=livros\"]}]},{\"@type\":\"ImageObject\",\"inLanguage\":\"pt-BR\",\"@id\":\"https:\\\/\\\/marisolisidoro.com.br\\\/?product=livros#primaryimage\",\"url\":\"https:\\\/\\\/marisolisidoro.com.br\\\/wp-content\\\/uploads\\\/2018\\\/03\\\/CAPA-229x300.png\",\"contentUrl\":\"https:\\\/\\\/marisolisidoro.com.br\\\/wp-content\\\/uploads\\\/2018\\\/03\\\/CAPA-229x300.png\",\"width\":229,\"height\":300},{\"@type\":\"BreadcrumbList\",\"@id\":\"https:\\\/\\\/marisolisidoro.com.br\\\/?product=livros#breadcrumb\",\"itemListElement\":[{\"@type\":\"ListItem\",\"position\":1,\"name\":\"In\u00edcio\",\"item\":\"http:\\\/\\\/marisolisidoro.com.br\\\/\"},{\"@type\":\"ListItem\",\"position\":2,\"name\":\"Loja\",\"item\":\"http:\\\/\\\/marisolisidoro.com.br\\\/?page_id=4\"},{\"@type\":\"ListItem\",\"position\":3,\"name\":\"Gram\u00e1tica Comparativa\"}]},{\"@type\":\"WebSite\",\"@id\":\"http:\\\/\\\/marisolisidoro.com.br\\\/#website\",\"url\":\"http:\\\/\\\/marisolisidoro.com.br\\\/\",\"name\":\"Marisol Isidoro\",\"description\":\"Ingl\u00eas com logica\",\"potentialAction\":[{\"@type\":\"SearchAction\",\"target\":{\"@type\":\"EntryPoint\",\"urlTemplate\":\"http:\\\/\\\/marisolisidoro.com.br\\\/?s={search_term_string}\"},\"query-input\":{\"@type\":\"PropertyValueSpecification\",\"valueRequired\":true,\"valueName\":\"search_term_string\"}}],\"inLanguage\":\"pt-BR\"}]}<\/script>\n<!-- \/ Yoast SEO plugin. -->","yoast_head_json":{"title":"Gram\u00e1tica Comparativa - Marisol Isidoro","robots":{"index":"index","follow":"follow","max-snippet":"max-snippet:-1","max-image-preview":"max-image-preview:large","max-video-preview":"max-video-preview:-1"},"canonical":"https:\/\/marisolisidoro.com.br\/?product=livros","og_locale":"pt_BR","og_type":"article","og_title":"Gram\u00e1tica Comparativa - Marisol Isidoro","og_description":"Este livro foi feito\u00a0para facilitar o estudo gramatical da l\u00edngua inglesa, para ensinar o aluno a pensar em possibilidades, ramifica\u00e7\u00f5es e equival\u00eancia entre os idiomas em estudo e para ganhar tempo n\u00e3o procurando palavras em dicion\u00e1rios.  Amostra do livro","og_url":"https:\/\/marisolisidoro.com.br\/?product=livros","og_site_name":"Marisol Isidoro","article_publisher":"https:\/\/www.facebook.com\/marisol.isidoro\/","article_modified_time":"2024-12-25T20:03:52+00:00","og_image":[{"width":229,"height":300,"url":"https:\/\/marisolisidoro.com.br\/wp-content\/uploads\/2018\/03\/CAPA-229x300.png","type":"image\/png"}],"twitter_card":"summary_large_image","twitter_misc":{"Est. tempo de leitura":"2 minutos"},"schema":{"@context":"https:\/\/schema.org","@graph":[{"@type":"WebPage","@id":"https:\/\/marisolisidoro.com.br\/?product=livros","url":"https:\/\/marisolisidoro.com.br\/?product=livros","name":"Gram\u00e1tica Comparativa - Marisol Isidoro","isPartOf":{"@id":"http:\/\/marisolisidoro.com.br\/#website"},"primaryImageOfPage":{"@id":"https:\/\/marisolisidoro.com.br\/?product=livros#primaryimage"},"image":{"@id":"https:\/\/marisolisidoro.com.br\/?product=livros#primaryimage"},"thumbnailUrl":"https:\/\/marisolisidoro.com.br\/wp-content\/uploads\/2018\/03\/CAPA-229x300.png","datePublished":"2018-03-21T16:40:00+00:00","dateModified":"2024-12-25T20:03:52+00:00","breadcrumb":{"@id":"https:\/\/marisolisidoro.com.br\/?product=livros#breadcrumb"},"inLanguage":"pt-BR","potentialAction":[{"@type":"ReadAction","target":["https:\/\/marisolisidoro.com.br\/?product=livros"]}]},{"@type":"ImageObject","inLanguage":"pt-BR","@id":"https:\/\/marisolisidoro.com.br\/?product=livros#primaryimage","url":"https:\/\/marisolisidoro.com.br\/wp-content\/uploads\/2018\/03\/CAPA-229x300.png","contentUrl":"https:\/\/marisolisidoro.com.br\/wp-content\/uploads\/2018\/03\/CAPA-229x300.png","width":229,"height":300},{"@type":"BreadcrumbList","@id":"https:\/\/marisolisidoro.com.br\/?product=livros#breadcrumb","itemListElement":[{"@type":"ListItem","position":1,"name":"In\u00edcio","item":"http:\/\/marisolisidoro.com.br\/"},{"@type":"ListItem","position":2,"name":"Loja","item":"http:\/\/marisolisidoro.com.br\/?page_id=4"},{"@type":"ListItem","position":3,"name":"Gram\u00e1tica Comparativa"}]},{"@type":"WebSite","@id":"http:\/\/marisolisidoro.com.br\/#website","url":"http:\/\/marisolisidoro.com.br\/","name":"Marisol Isidoro","description":"Ingl\u00eas com logica","potentialAction":[{"@type":"SearchAction","target":{"@type":"EntryPoint","urlTemplate":"http:\/\/marisolisidoro.com.br\/?s={search_term_string}"},"query-input":{"@type":"PropertyValueSpecification","valueRequired":true,"valueName":"search_term_string"}}],"inLanguage":"pt-BR"}]}},"_links":{"self":[{"href":"https:\/\/marisolisidoro.com.br\/index.php?rest_route=\/wp\/v2\/product\/38","targetHints":{"allow":["GET"]}}],"collection":[{"href":"https:\/\/marisolisidoro.com.br\/index.php?rest_route=\/wp\/v2\/product"}],"about":[{"href":"https:\/\/marisolisidoro.com.br\/index.php?rest_route=\/wp\/v2\/types\/product"}],"replies":[{"embeddable":true,"href":"https:\/\/marisolisidoro.com.br\/index.php?rest_route=%2Fwp%2Fv2%2Fcomments&post=38"}],"wp:featuredmedia":[{"embeddable":true,"href":"https:\/\/marisolisidoro.com.br\/index.php?rest_route=\/wp\/v2\/media\/148"}],"wp:attachment":[{"href":"https:\/\/marisolisidoro.com.br\/index.php?rest_route=%2Fwp%2Fv2%2Fmedia&parent=38"}],"wp:term":[{"taxonomy":"product_brand","embeddable":true,"href":"https:\/\/marisolisidoro.com.br\/index.php?rest_route=%2Fwp%2Fv2%2Fproduct_brand&post=38"},{"taxonomy":"product_cat","embeddable":true,"href":"https:\/\/marisolisidoro.com.br\/index.php?rest_route=%2Fwp%2Fv2%2Fproduct_cat&post=38"},{"taxonomy":"product_tag","embeddable":true,"href":"https:\/\/marisolisidoro.com.br\/index.php?rest_route=%2Fwp%2Fv2%2Fproduct_tag&post=38"}],"curies":[{"name":"wp","href":"https:\/\/api.w.org\/{rel}","templated":true}]}}